{"id":1752,"date":"2022-07-16T09:27:52","date_gmt":"2022-07-16T07:27:52","guid":{"rendered":"https:\/\/biogenic.dk\/produkter\/"},"modified":"2024-08-09T09:26:32","modified_gmt":"2024-08-09T07:26:32","slug":"produkter","status":"publish","type":"page","link":"https:\/\/biogenic.dk\/no\/produkter\/","title":{"rendered":"Produkter"},"content":{"rendered":"\t\t<div data-elementor-type=\"wp-post\" data-elementor-id=\"1752\" class=\"elementor elementor-1752 elementor-154\" data-elementor-post-type=\"page\">\n\t\t\t\t\t\t<section class=\"elementor-section elementor-top-section elementor-element elementor-element-7297cc2 elementor-section-boxed elementor-section-height-default elementor-section-height-default\" data-id=\"7297cc2\" data-element_type=\"section\" data-e-type=\"section\">\n\t\t\t\t\t\t<div class=\"elementor-container elementor-column-gap-default\">\n\t\t\t\t\t<div class=\"elementor-column elementor-col-100 elementor-top-column elementor-element elementor-element-190a3ba\" data-id=\"190a3ba\" data-element_type=\"column\" data-e-type=\"column\">\n\t\t\t<div class=\"elementor-widget-wrap elementor-element-populated\">\n\t\t\t\t\t\t<section class=\"elementor-section elementor-inner-section elementor-element elementor-element-01b9f6e elementor-section-boxed elementor-section-height-default elementor-section-height-default\" data-id=\"01b9f6e\" data-element_type=\"section\" data-e-type=\"section\">\n\t\t\t\t\t\t<div class=\"elementor-container elementor-column-gap-default\">\n\t\t\t\t\t<div class=\"elementor-column elementor-col-50 elementor-inner-column elementor-element elementor-element-db1fc1d\" data-id=\"db1fc1d\" data-element_type=\"column\" data-e-type=\"column\">\n\t\t\t<div class=\"elementor-widget-wrap elementor-element-populated\">\n\t\t\t\t\t\t<div class=\"elementor-element elementor-element-a1baba7 elementor-position-top elementor-widget elementor-widget-image-box\" data-id=\"a1baba7\" data-element_type=\"widget\" data-e-type=\"widget\" data-widget_type=\"image-box.default\">\n\t\t\t\t<div class=\"elementor-widget-container\">\n\t\t\t\t\t<div class=\"elementor-image-box-wrapper\"><figure class=\"elementor-image-box-img\"><a href=\"https:\/\/biogenic.dk\/no\/produkter\/gasslagre-og-overdekkingsmembraner\/\" tabindex=\"-1\"><img fetchpriority=\"high\" decoding=\"async\" width=\"800\" height=\"600\" src=\"https:\/\/biogenic.dk\/wp-content\/uploads\/2022\/07\/Gaslager-3-4.jpg\" class=\"attachment-large size-large wp-image-1755\" alt=\"\" srcset=\"https:\/\/biogenic.dk\/wp-content\/uploads\/2022\/07\/Gaslager-3-4.jpg 900w, https:\/\/biogenic.dk\/wp-content\/uploads\/2022\/07\/Gaslager-3-4-300x225.jpg 300w, https:\/\/biogenic.dk\/wp-content\/uploads\/2022\/07\/Gaslager-3-4-768x576.jpg 768w\" sizes=\"(max-width: 800px) 100vw, 800px\" \/><\/a><\/figure><div class=\"elementor-image-box-content\"><h3 class=\"elementor-image-box-title\"><a href=\"https:\/\/biogenic.dk\/no\/produkter\/gasslagre-og-overdekkingsmembraner\/\">Gasslagre og overdekninger<\/a><\/h3><p class=\"elementor-image-box-description\">Gasslagre og overdekninger til biogassanlegg, renseanlegg og landbruk<\/p><\/div><\/div>\t\t\t\t<\/div>\n\t\t\t\t<\/div>\n\t\t\t\t\t<\/div>\n\t\t<\/div>\n\t\t\t\t<div class=\"elementor-column elementor-col-50 elementor-inner-column elementor-element elementor-element-389bc5c\" data-id=\"389bc5c\" data-element_type=\"column\" data-e-type=\"column\">\n\t\t\t<div class=\"elementor-widget-wrap elementor-element-populated\">\n\t\t\t\t\t\t<div class=\"elementor-element elementor-element-7a3cba0 elementor-position-top elementor-widget elementor-widget-image-box\" data-id=\"7a3cba0\" data-element_type=\"widget\" data-e-type=\"widget\" data-widget_type=\"image-box.default\">\n\t\t\t\t<div class=\"elementor-widget-container\">\n\t\t\t\t\t<div class=\"elementor-image-box-wrapper\"><figure class=\"elementor-image-box-img\"><a href=\"https:\/\/biogenic.dk\/no\/produkter\/gassfyllestasjon\/\" tabindex=\"-1\"><img decoding=\"async\" width=\"800\" height=\"600\" src=\"https:\/\/biogenic.dk\/wp-content\/uploads\/2022\/07\/Gastankstation-1.jpg\" class=\"attachment-large size-large wp-image-1811\" alt=\"Gassfyllestasjon\" srcset=\"https:\/\/biogenic.dk\/wp-content\/uploads\/2022\/07\/Gastankstation-1.jpg 1000w, https:\/\/biogenic.dk\/wp-content\/uploads\/2022\/07\/Gastankstation-1-300x225.jpg 300w, https:\/\/biogenic.dk\/wp-content\/uploads\/2022\/07\/Gastankstation-1-768x576.jpg 768w\" sizes=\"(max-width: 800px) 100vw, 800px\" \/><\/a><\/figure><div class=\"elementor-image-box-content\"><h3 class=\"elementor-image-box-title\"><a href=\"https:\/\/biogenic.dk\/no\/produkter\/gassfyllestasjon\/\">Gassfyllestasjoner<\/a><\/h3><p class=\"elementor-image-box-description\">Gassfyllestasjoner for komprimert biometan<\/p><\/div><\/div>\t\t\t\t<\/div>\n\t\t\t\t<\/div>\n\t\t\t\t\t<\/div>\n\t\t<\/div>\n\t\t\t\t\t<\/div>\n\t\t<\/section>\n\t\t\t\t\t<\/div>\n\t\t<\/div>\n\t\t\t\t\t<\/div>\n\t\t<\/section>\n\t\t\t\t<section class=\"elementor-section elementor-top-section elementor-element elementor-element-cd44bfa elementor-section-boxed elementor-section-height-default elementor-section-height-default\" data-id=\"cd44bfa\" data-element_type=\"section\" data-e-type=\"section\">\n\t\t\t\t\t\t<div class=\"elementor-container elementor-column-gap-default\">\n\t\t\t\t\t<div class=\"elementor-column elementor-col-100 elementor-top-column elementor-element elementor-element-2a51529\" data-id=\"2a51529\" data-element_type=\"column\" data-e-type=\"column\">\n\t\t\t<div class=\"elementor-widget-wrap elementor-element-populated\">\n\t\t\t\t\t\t<section class=\"elementor-section elementor-inner-section elementor-element elementor-element-b7c876a elementor-section-boxed elementor-section-height-default elementor-section-height-default\" data-id=\"b7c876a\" data-element_type=\"section\" data-e-type=\"section\">\n\t\t\t\t\t\t<div class=\"elementor-container elementor-column-gap-default\">\n\t\t\t\t\t<div class=\"elementor-column elementor-col-50 elementor-inner-column elementor-element elementor-element-980fa20\" data-id=\"980fa20\" data-element_type=\"column\" data-e-type=\"column\">\n\t\t\t<div class=\"elementor-widget-wrap elementor-element-populated\">\n\t\t\t\t\t\t<div class=\"elementor-element elementor-element-3186cc3 elementor-position-top elementor-widget elementor-widget-image-box\" data-id=\"3186cc3\" data-element_type=\"widget\" data-e-type=\"widget\" data-widget_type=\"image-box.default\">\n\t\t\t\t<div class=\"elementor-widget-container\">\n\t\t\t\t\t<div class=\"elementor-image-box-wrapper\"><figure class=\"elementor-image-box-img\"><a href=\"https:\/\/biogenic.dk\/produkter\/varmevekslere\/\" tabindex=\"-1\"><img decoding=\"async\" width=\"800\" height=\"600\" src=\"https:\/\/biogenic.dk\/wp-content\/uploads\/2022\/07\/Veksler-3-4-beskaaret-1024x768.png\" class=\"attachment-large size-large wp-image-1756\" alt=\"\" srcset=\"https:\/\/biogenic.dk\/wp-content\/uploads\/2022\/07\/Veksler-3-4-beskaaret-1024x768.png 1024w, https:\/\/biogenic.dk\/wp-content\/uploads\/2022\/07\/Veksler-3-4-beskaaret-300x225.png 300w, https:\/\/biogenic.dk\/wp-content\/uploads\/2022\/07\/Veksler-3-4-beskaaret-768x576.png 768w, https:\/\/biogenic.dk\/wp-content\/uploads\/2022\/07\/Veksler-3-4-beskaaret-1536x1152.png 1536w, https:\/\/biogenic.dk\/wp-content\/uploads\/2022\/07\/Veksler-3-4-beskaaret.png 1600w\" sizes=\"(max-width: 800px) 100vw, 800px\" \/><\/a><\/figure><div class=\"elementor-image-box-content\"><h3 class=\"elementor-image-box-title\"><a href=\"https:\/\/biogenic.dk\/produkter\/varmevekslere\/\">Varmevekslere for gj\u00f8dsel og slam<\/a><\/h3><p class=\"elementor-image-box-description\">H\u00f8yeffektive varmevekslere for direkte gj\u00f8dsel\/gj\u00f8dsel varmeveksling\n\n<\/p><\/div><\/div>\t\t\t\t<\/div>\n\t\t\t\t<\/div>\n\t\t\t\t\t<\/div>\n\t\t<\/div>\n\t\t\t\t<div class=\"elementor-column elementor-col-50 elementor-inner-column elementor-element elementor-element-3ee79b2\" data-id=\"3ee79b2\" data-element_type=\"column\" data-e-type=\"column\">\n\t\t\t<div class=\"elementor-widget-wrap elementor-element-populated\">\n\t\t\t\t\t\t<div class=\"elementor-element elementor-element-03ca661 elementor-position-top elementor-widget elementor-widget-image-box\" data-id=\"03ca661\" data-element_type=\"widget\" data-e-type=\"widget\" data-widget_type=\"image-box.default\">\n\t\t\t\t<div class=\"elementor-widget-container\">\n\t\t\t\t\t<div class=\"elementor-image-box-wrapper\"><figure class=\"elementor-image-box-img\"><a href=\"https:\/\/biogenic.dk\/produkter\/lbg-anlaeg\/\" tabindex=\"-1\"><img loading=\"lazy\" decoding=\"async\" width=\"900\" height=\"675\" src=\"https:\/\/biogenic.dk\/wp-content\/uploads\/2022\/07\/Bio-LNG-Installation-3-4.jpg\" class=\"attachment-full size-full wp-image-1757\" alt=\"\" srcset=\"https:\/\/biogenic.dk\/wp-content\/uploads\/2022\/07\/Bio-LNG-Installation-3-4.jpg 900w, https:\/\/biogenic.dk\/wp-content\/uploads\/2022\/07\/Bio-LNG-Installation-3-4-300x225.jpg 300w, https:\/\/biogenic.dk\/wp-content\/uploads\/2022\/07\/Bio-LNG-Installation-3-4-768x576.jpg 768w\" sizes=\"(max-width: 900px) 100vw, 900px\" \/><\/a><\/figure><div class=\"elementor-image-box-content\"><h3 class=\"elementor-image-box-title\"><a href=\"https:\/\/biogenic.dk\/produkter\/lbg-anlaeg\/\">LBG-anlegg for flytende biometan<\/a><\/h3><p class=\"elementor-image-box-description\">Markedets mest effektive LBG-anlegg fra nederlandske Nordsol\n\n<\/p><\/div><\/div>\t\t\t\t<\/div>\n\t\t\t\t<\/div>\n\t\t\t\t\t<\/div>\n\t\t<\/div>\n\t\t\t\t\t<\/div>\n\t\t<\/section>\n\t\t\t\t\t<\/div>\n\t\t<\/div>\n\t\t\t\t\t<\/div>\n\t\t<\/section>\n\t\t\t\t<section class=\"elementor-section elementor-top-section elementor-element elementor-element-32a9eea elementor-section-boxed elementor-section-height-default elementor-section-height-default\" data-id=\"32a9eea\" data-element_type=\"section\" data-e-type=\"section\">\n\t\t\t\t\t\t<div class=\"elementor-container elementor-column-gap-default\">\n\t\t\t\t\t<div class=\"elementor-column elementor-col-100 elementor-top-column elementor-element elementor-element-00aa5d5\" data-id=\"00aa5d5\" data-element_type=\"column\" data-e-type=\"column\">\n\t\t\t<div class=\"elementor-widget-wrap elementor-element-populated\">\n\t\t\t\t\t\t<section class=\"elementor-section elementor-inner-section elementor-element elementor-element-5a8e6ed elementor-section-boxed elementor-section-height-default elementor-section-height-default\" data-id=\"5a8e6ed\" data-element_type=\"section\" data-e-type=\"section\">\n\t\t\t\t\t\t<div class=\"elementor-container elementor-column-gap-default\">\n\t\t\t\t\t<div class=\"elementor-column elementor-col-50 elementor-inner-column elementor-element elementor-element-c669993\" data-id=\"c669993\" data-element_type=\"column\" data-e-type=\"column\">\n\t\t\t<div class=\"elementor-widget-wrap elementor-element-populated\">\n\t\t\t\t\t\t<div class=\"elementor-element elementor-element-6ae423e elementor-position-top elementor-widget elementor-widget-image-box\" data-id=\"6ae423e\" data-element_type=\"widget\" data-e-type=\"widget\" data-widget_type=\"image-box.default\">\n\t\t\t\t<div class=\"elementor-widget-container\">\n\t\t\t\t\t<div class=\"elementor-image-box-wrapper\"><figure class=\"elementor-image-box-img\"><a href=\"https:\/\/biogenic.dk\/no\/produkter\/gassbrennere-for-biogass-og-biometan\/\" tabindex=\"-1\"><img loading=\"lazy\" decoding=\"async\" width=\"1000\" height=\"750\" src=\"https:\/\/biogenic.dk\/wp-content\/uploads\/2023\/01\/Fakler-top-4-3.jpg\" class=\"attachment-full size-full wp-image-1948\" alt=\"\" srcset=\"https:\/\/biogenic.dk\/wp-content\/uploads\/2023\/01\/Fakler-top-4-3.jpg 1000w, https:\/\/biogenic.dk\/wp-content\/uploads\/2023\/01\/Fakler-top-4-3-300x225.jpg 300w, https:\/\/biogenic.dk\/wp-content\/uploads\/2023\/01\/Fakler-top-4-3-768x576.jpg 768w\" sizes=\"(max-width: 1000px) 100vw, 1000px\" \/><\/a><\/figure><div class=\"elementor-image-box-content\"><h3 class=\"elementor-image-box-title\"><a href=\"https:\/\/biogenic.dk\/no\/produkter\/gassbrennere-for-biogass-og-biometan\/\">Gassbrennere<\/a><\/h3><p class=\"elementor-image-box-description\">Gassbrennere for biogass og biometan\n\n<\/p><\/div><\/div>\t\t\t\t<\/div>\n\t\t\t\t<\/div>\n\t\t\t\t\t<\/div>\n\t\t<\/div>\n\t\t\t\t<div class=\"elementor-column elementor-col-50 elementor-inner-column elementor-element elementor-element-3539573\" data-id=\"3539573\" data-element_type=\"column\" data-e-type=\"column\">\n\t\t\t<div class=\"elementor-widget-wrap elementor-element-populated\">\n\t\t\t\t\t\t<div class=\"elementor-element elementor-element-dd219f0 elementor-position-top elementor-widget elementor-widget-image-box\" data-id=\"dd219f0\" data-element_type=\"widget\" data-e-type=\"widget\" data-widget_type=\"image-box.default\">\n\t\t\t\t<div class=\"elementor-widget-container\">\n\t\t\t\t\t<div class=\"elementor-image-box-wrapper\"><figure class=\"elementor-image-box-img\"><a href=\"https:\/\/biogenic.dk\/no\/produkter\/toerkeanlegg-for-effektiv-rensing-av-biogass\/\" tabindex=\"-1\"><img loading=\"lazy\" decoding=\"async\" width=\"1000\" height=\"750\" src=\"https:\/\/biogenic.dk\/wp-content\/uploads\/2023\/01\/Gas-varmeveksler-set-fra-enden.png\" class=\"attachment-full size-full wp-image-1758\" alt=\"\" srcset=\"https:\/\/biogenic.dk\/wp-content\/uploads\/2023\/01\/Gas-varmeveksler-set-fra-enden.png 1000w, https:\/\/biogenic.dk\/wp-content\/uploads\/2023\/01\/Gas-varmeveksler-set-fra-enden-300x225.png 300w, https:\/\/biogenic.dk\/wp-content\/uploads\/2023\/01\/Gas-varmeveksler-set-fra-enden-768x576.png 768w\" sizes=\"(max-width: 1000px) 100vw, 1000px\" \/><\/a><\/figure><div class=\"elementor-image-box-content\"><h3 class=\"elementor-image-box-title\"><a href=\"https:\/\/biogenic.dk\/no\/produkter\/toerkeanlegg-for-effektiv-rensing-av-biogass\/\">T\u00f8rkeanlegg for biogass<\/a><\/h3><p class=\"elementor-image-box-description\">F\u00e5 t\u00f8rket biogassen effektivt og gjenvinn varmen i biogassanlegget\n<\/p><\/div><\/div>\t\t\t\t<\/div>\n\t\t\t\t<\/div>\n\t\t\t\t\t<\/div>\n\t\t<\/div>\n\t\t\t\t\t<\/div>\n\t\t<\/section>\n\t\t\t\t\t<\/div>\n\t\t<\/div>\n\t\t\t\t\t<\/div>\n\t\t<\/section>\n\t\t\t\t<section class=\"elementor-section elementor-top-section elementor-element elementor-element-78dbd87 elementor-section-boxed elementor-section-height-default elementor-section-height-default\" data-id=\"78dbd87\" data-element_type=\"section\" data-e-type=\"section\">\n\t\t\t\t\t\t<div class=\"elementor-container elementor-column-gap-default\">\n\t\t\t\t\t<div class=\"elementor-column elementor-col-100 elementor-top-column elementor-element elementor-element-cce6b92\" data-id=\"cce6b92\" data-element_type=\"column\" data-e-type=\"column\">\n\t\t\t<div class=\"elementor-widget-wrap\">\n\t\t\t\t\t\t\t<\/div>\n\t\t<\/div>\n\t\t\t\t\t<\/div>\n\t\t<\/section>\n\t\t\t\t<\/div>\n\t\t","protected":false},"excerpt":{"rendered":"<p>Gasslagre og overdekninger Gasslagre og overdekninger til biogassanlegg, renseanlegg og landbruk Gassfyllestasjoner Gassfyllestasjoner for komprimert biometan Varmevekslere for gj\u00f8dsel og slam H\u00f8yeffektive varmevekslere for direkte gj\u00f8dsel\/gj\u00f8dsel varmeveksling LBG-anlegg for flytende biometan Markedets mest effektive LBG-anlegg fra nederlandske Nordsol Gassbrennere Gassbrennere for biogass og biometan T\u00f8rkeanlegg for biogass F\u00e5 t\u00f8rket biogassen effektivt og gjenvinn varmen i [&hellip;]<\/p>\n","protected":false},"author":1,"featured_media":0,"parent":0,"menu_order":0,"comment_status":"closed","ping_status":"closed","template":"","meta":{"footnotes":""},"class_list":["post-1752","page","type-page","status-publish","hentry"],"yoast_head":"<!-- This site is optimized with the Yoast SEO plugin v27.5 - https:\/\/yoast.com\/product\/yoast-seo-wordpress\/ -->\n<title>Produkter - Biogenic<\/title>\n<meta name=\"description\" content=\"Gaslagre med overd\u00e6kning, Gastankstationer, Varmevekslere for gylle og slam, LBG-anl\u00e6g, Gasfakler, T\u00f8rreanl\u00e6g mm. Se vores produkter her.\" \/>\n<meta name=\"robots\" content=\"index, follow, max-snippet:-1, max-image-preview:large, max-video-preview:-1\" \/>\n<link rel=\"canonical\" href=\"https:\/\/biogenic.dk\/no\/produkter\/\" \/>\n<meta property=\"og:locale\" content=\"nb_NO\" \/>\n<meta property=\"og:type\" content=\"article\" \/>\n<meta property=\"og:title\" content=\"Produkter - Biogenic\" \/>\n<meta property=\"og:description\" content=\"Gaslagre med overd\u00e6kning, Gastankstationer, Varmevekslere for gylle og slam, LBG-anl\u00e6g, Gasfakler, T\u00f8rreanl\u00e6g mm. Se vores produkter her.\" \/>\n<meta property=\"og:url\" content=\"https:\/\/biogenic.dk\/no\/produkter\/\" \/>\n<meta property=\"og:site_name\" content=\"Biogenic\" \/>\n<meta property=\"article:modified_time\" content=\"2024-08-09T07:26:32+00:00\" \/>\n<meta property=\"og:image\" content=\"https:\/\/biogenic.dk\/wp-content\/uploads\/2022\/07\/Gaslager-3-4.jpg\" \/>\n<meta name=\"twitter:card\" content=\"summary_large_image\" \/>\n<meta name=\"twitter:label1\" content=\"Ansl. lesetid\" \/>\n\t<meta name=\"twitter:data1\" content=\"2 minutter\" \/>\n<script type=\"application\/ld+json\" class=\"yoast-schema-graph\">{\"@context\":\"https:\\\/\\\/schema.org\",\"@graph\":[{\"@type\":\"WebPage\",\"@id\":\"https:\\\/\\\/biogenic.dk\\\/no\\\/produkter\\\/\",\"url\":\"https:\\\/\\\/biogenic.dk\\\/no\\\/produkter\\\/\",\"name\":\"Produkter - Biogenic\",\"isPartOf\":{\"@id\":\"https:\\\/\\\/biogenic.dk\\\/no\\\/#website\"},\"primaryImageOfPage\":{\"@id\":\"https:\\\/\\\/biogenic.dk\\\/no\\\/produkter\\\/#primaryimage\"},\"image\":{\"@id\":\"https:\\\/\\\/biogenic.dk\\\/no\\\/produkter\\\/#primaryimage\"},\"thumbnailUrl\":\"https:\\\/\\\/biogenic.dk\\\/wp-content\\\/uploads\\\/2022\\\/07\\\/Gaslager-3-4.jpg\",\"datePublished\":\"2022-07-16T07:27:52+00:00\",\"dateModified\":\"2024-08-09T07:26:32+00:00\",\"description\":\"Gaslagre med overd\u00e6kning, Gastankstationer, Varmevekslere for gylle og slam, LBG-anl\u00e6g, Gasfakler, T\u00f8rreanl\u00e6g mm. Se vores produkter her.\",\"breadcrumb\":{\"@id\":\"https:\\\/\\\/biogenic.dk\\\/no\\\/produkter\\\/#breadcrumb\"},\"inLanguage\":\"nb-NO\",\"potentialAction\":[{\"@type\":\"ReadAction\",\"target\":[\"https:\\\/\\\/biogenic.dk\\\/no\\\/produkter\\\/\"]}]},{\"@type\":\"ImageObject\",\"inLanguage\":\"nb-NO\",\"@id\":\"https:\\\/\\\/biogenic.dk\\\/no\\\/produkter\\\/#primaryimage\",\"url\":\"https:\\\/\\\/biogenic.dk\\\/wp-content\\\/uploads\\\/2022\\\/07\\\/Gaslager-3-4.jpg\",\"contentUrl\":\"https:\\\/\\\/biogenic.dk\\\/wp-content\\\/uploads\\\/2022\\\/07\\\/Gaslager-3-4.jpg\"},{\"@type\":\"BreadcrumbList\",\"@id\":\"https:\\\/\\\/biogenic.dk\\\/no\\\/produkter\\\/#breadcrumb\",\"itemListElement\":[{\"@type\":\"ListItem\",\"position\":1,\"name\":\"Hjem\",\"item\":\"https:\\\/\\\/biogenic.dk\\\/no\\\/\"},{\"@type\":\"ListItem\",\"position\":2,\"name\":\"Produkter\"}]},{\"@type\":\"WebSite\",\"@id\":\"https:\\\/\\\/biogenic.dk\\\/no\\\/#website\",\"url\":\"https:\\\/\\\/biogenic.dk\\\/no\\\/\",\"name\":\"Biogenic\",\"description\":\"Engineering Biogas\",\"publisher\":{\"@id\":\"https:\\\/\\\/biogenic.dk\\\/no\\\/#organization\"},\"potentialAction\":[{\"@type\":\"SearchAction\",\"target\":{\"@type\":\"EntryPoint\",\"urlTemplate\":\"https:\\\/\\\/biogenic.dk\\\/no\\\/?s={search_term_string}\"},\"query-input\":{\"@type\":\"PropertyValueSpecification\",\"valueRequired\":true,\"valueName\":\"search_term_string\"}}],\"inLanguage\":\"nb-NO\"},{\"@type\":\"Organization\",\"@id\":\"https:\\\/\\\/biogenic.dk\\\/no\\\/#organization\",\"name\":\"Biogenic ApS\",\"url\":\"https:\\\/\\\/biogenic.dk\\\/no\\\/\",\"logo\":{\"@type\":\"ImageObject\",\"inLanguage\":\"nb-NO\",\"@id\":\"https:\\\/\\\/biogenic.dk\\\/no\\\/#\\\/schema\\\/logo\\\/image\\\/\",\"url\":\"https:\\\/\\\/biogenic.dk\\\/wp-content\\\/uploads\\\/2022\\\/07\\\/BG_logo_navn_ikon_biogas_cmyk.png\",\"contentUrl\":\"https:\\\/\\\/biogenic.dk\\\/wp-content\\\/uploads\\\/2022\\\/07\\\/BG_logo_navn_ikon_biogas_cmyk.png\",\"width\":1185,\"height\":311,\"caption\":\"Biogenic ApS\"},\"image\":{\"@id\":\"https:\\\/\\\/biogenic.dk\\\/no\\\/#\\\/schema\\\/logo\\\/image\\\/\"}}]}<\/script>\n<!-- \/ Yoast SEO plugin. -->","yoast_head_json":{"title":"Produkter - Biogenic","description":"Gaslagre med overd\u00e6kning, Gastankstationer, Varmevekslere for gylle og slam, LBG-anl\u00e6g, Gasfakler, T\u00f8rreanl\u00e6g mm. Se vores produkter her.","robots":{"index":"index","follow":"follow","max-snippet":"max-snippet:-1","max-image-preview":"max-image-preview:large","max-video-preview":"max-video-preview:-1"},"canonical":"https:\/\/biogenic.dk\/no\/produkter\/","og_locale":"nb_NO","og_type":"article","og_title":"Produkter - Biogenic","og_description":"Gaslagre med overd\u00e6kning, Gastankstationer, Varmevekslere for gylle og slam, LBG-anl\u00e6g, Gasfakler, T\u00f8rreanl\u00e6g mm. Se vores produkter her.","og_url":"https:\/\/biogenic.dk\/no\/produkter\/","og_site_name":"Biogenic","article_modified_time":"2024-08-09T07:26:32+00:00","og_image":[{"url":"https:\/\/biogenic.dk\/wp-content\/uploads\/2022\/07\/Gaslager-3-4.jpg","type":"","width":"","height":""}],"twitter_card":"summary_large_image","twitter_misc":{"Ansl. lesetid":"2 minutter"},"schema":{"@context":"https:\/\/schema.org","@graph":[{"@type":"WebPage","@id":"https:\/\/biogenic.dk\/no\/produkter\/","url":"https:\/\/biogenic.dk\/no\/produkter\/","name":"Produkter - Biogenic","isPartOf":{"@id":"https:\/\/biogenic.dk\/no\/#website"},"primaryImageOfPage":{"@id":"https:\/\/biogenic.dk\/no\/produkter\/#primaryimage"},"image":{"@id":"https:\/\/biogenic.dk\/no\/produkter\/#primaryimage"},"thumbnailUrl":"https:\/\/biogenic.dk\/wp-content\/uploads\/2022\/07\/Gaslager-3-4.jpg","datePublished":"2022-07-16T07:27:52+00:00","dateModified":"2024-08-09T07:26:32+00:00","description":"Gaslagre med overd\u00e6kning, Gastankstationer, Varmevekslere for gylle og slam, LBG-anl\u00e6g, Gasfakler, T\u00f8rreanl\u00e6g mm. Se vores produkter her.","breadcrumb":{"@id":"https:\/\/biogenic.dk\/no\/produkter\/#breadcrumb"},"inLanguage":"nb-NO","potentialAction":[{"@type":"ReadAction","target":["https:\/\/biogenic.dk\/no\/produkter\/"]}]},{"@type":"ImageObject","inLanguage":"nb-NO","@id":"https:\/\/biogenic.dk\/no\/produkter\/#primaryimage","url":"https:\/\/biogenic.dk\/wp-content\/uploads\/2022\/07\/Gaslager-3-4.jpg","contentUrl":"https:\/\/biogenic.dk\/wp-content\/uploads\/2022\/07\/Gaslager-3-4.jpg"},{"@type":"BreadcrumbList","@id":"https:\/\/biogenic.dk\/no\/produkter\/#breadcrumb","itemListElement":[{"@type":"ListItem","position":1,"name":"Hjem","item":"https:\/\/biogenic.dk\/no\/"},{"@type":"ListItem","position":2,"name":"Produkter"}]},{"@type":"WebSite","@id":"https:\/\/biogenic.dk\/no\/#website","url":"https:\/\/biogenic.dk\/no\/","name":"Biogenic","description":"Engineering Biogas","publisher":{"@id":"https:\/\/biogenic.dk\/no\/#organization"},"potentialAction":[{"@type":"SearchAction","target":{"@type":"EntryPoint","urlTemplate":"https:\/\/biogenic.dk\/no\/?s={search_term_string}"},"query-input":{"@type":"PropertyValueSpecification","valueRequired":true,"valueName":"search_term_string"}}],"inLanguage":"nb-NO"},{"@type":"Organization","@id":"https:\/\/biogenic.dk\/no\/#organization","name":"Biogenic ApS","url":"https:\/\/biogenic.dk\/no\/","logo":{"@type":"ImageObject","inLanguage":"nb-NO","@id":"https:\/\/biogenic.dk\/no\/#\/schema\/logo\/image\/","url":"https:\/\/biogenic.dk\/wp-content\/uploads\/2022\/07\/BG_logo_navn_ikon_biogas_cmyk.png","contentUrl":"https:\/\/biogenic.dk\/wp-content\/uploads\/2022\/07\/BG_logo_navn_ikon_biogas_cmyk.png","width":1185,"height":311,"caption":"Biogenic ApS"},"image":{"@id":"https:\/\/biogenic.dk\/no\/#\/schema\/logo\/image\/"}}]}},"_links":{"self":[{"href":"https:\/\/biogenic.dk\/no\/wp-json\/wp\/v2\/pages\/1752","targetHints":{"allow":["GET"]}}],"collection":[{"href":"https:\/\/biogenic.dk\/no\/wp-json\/wp\/v2\/pages"}],"about":[{"href":"https:\/\/biogenic.dk\/no\/wp-json\/wp\/v2\/types\/page"}],"author":[{"embeddable":true,"href":"https:\/\/biogenic.dk\/no\/wp-json\/wp\/v2\/users\/1"}],"replies":[{"embeddable":true,"href":"https:\/\/biogenic.dk\/no\/wp-json\/wp\/v2\/comments?post=1752"}],"version-history":[{"count":15,"href":"https:\/\/biogenic.dk\/no\/wp-json\/wp\/v2\/pages\/1752\/revisions"}],"predecessor-version":[{"id":2194,"href":"https:\/\/biogenic.dk\/no\/wp-json\/wp\/v2\/pages\/1752\/revisions\/2194"}],"wp:attachment":[{"href":"https:\/\/biogenic.dk\/no\/wp-json\/wp\/v2\/media?parent=1752"}],"curies":[{"name":"wp","href":"https:\/\/api.w.org\/{rel}","templated":true}]}}